{"id":3138,"date":"2022-06-08T17:48:32","date_gmt":"2022-06-08T15:48:32","guid":{"rendered":"https:\/\/dolcelahulpegifts.duckdns.org\/?post_type=product&#038;p=3138"},"modified":"2026-01-06T14:38:15","modified_gmt":"2026-01-06T13:38:15","slug":"geto-supreme-de-creme-50ml","status":"publish","type":"product","link":"https:\/\/dolcelahulpegifts.be\/nl\/product\/geto-supreme-la-creme\/","title":{"rendered":"G\u00e9to Supr\u00eame La Cr\u00e8me (50ml)"},"content":{"rendered":"<p style=\"text-align: left;\">G\u00e9to Supr\u00eame La Cr\u00e8me is een uitzonderlijke anti-aging verzorging die de zeldzame eigenschap heeft om alle tekenen van veroudering aan te pakken en even effectief te werken als preventief middel bij de eerste rimpels als corrigerend middel voor de rijpere huid.<\/p>\n<p>Deze prestatie is gebaseerd op een synergie van actieve stoffen:<br \/>\nHet extract van biologische geto, gecombineerd met het duo van biomimetische peptiden, regenereert de huid diepgaand en verstevigt haar.<br \/>\nFibro\u00efne, een eiwit dat door middel van een enzymatisch proces uit natuurlijke zijde wordt gewonnen en dat naast zijn kalmerende en antioxiderende eigenschappen ook de teint laat stralen.<\/p>\n<p>De huid wordt gehydrateerd en voller, en herwint haar stevigheid. De teint is stralend en egaal.<\/p>\n<p>De innovatieve textuur van G\u00e9to Supr\u00eame La Cr\u00e8me is romig en rijk en smelt onmiddellijk op de huid om de actieve bestanddelen van deze uitzonderlijke regenererende verzorging vrij te geven. Het product laat een diep comfortabel gevoel achter en een zachte, fluweelachtige finish, zonder vettig laagje.<\/p>\n<p style=\"text-align: left;\"><strong>Aanwijzingen voor gebruik<\/strong> : 's Ochtends en 's avonds aanbrengen op het gezicht en de hals met behulp van de Ridoki, een massageaccessoire dat bekend staat om zijn doeltreffendheid en wordt aangeboden bij G\u00e9to Supr\u00eame La Cr\u00e8me.<br \/>\n1. Gebruik de spatelzijde van de Ridoki om de hals van onder naar boven glad te strijken en de zijkanten van het gezicht van de mondhoeken naar de oren toe.<br \/>\n2. Met de ronde kant van de Ridoki: maak cirkelvormige bewegingen langs de rimpels en fijne lijntjes op het voorhoofd en in de neus-mondplooien om deze te verzachten.<\/p>\n<p style=\"text-align: left;\"><strong>Ingredi\u00ebnten<\/strong> Aqua (Water) \/ Water, Glycerine, Myristyllactaat, Myristylmyristaat, Stearylheptanoaat,<br \/>\nGehydrolyseerd gistextract, arachidylalcohol, propaandiol, stearylcaprylaat, behenylalcohol, 1,2-hexaandiol, Alpinia Speciosa-bladextract, palmitoyl tripeptide-1, palmitoyl tetrapeptide-7, fibro\u00efne, natriumhyaluronaat, polyglucuronzuur, Undaria Pinnatifida-extract, Lecithine, Capryl\/Caprinezuurtriglyceride, Arachidylglucoside, Natriumlactaat, Carbomeer, Cetylhydroxyethylcellulose, Butyleenglycol, Parfum (geur), Chloorfenesine, Natriumbenzoaat, Kaliumsorbaat, 3-O-Ethylascorbinezuur, Melkzuur, natriumhydroxide, polysorbaat 20, O-cymen-5-ol, tetramethylacetyloctahydronaftalen, benzylsalicylaat, hydroxycitronellal, linalool.<\/p>","protected":false},"excerpt":{"rendered":"<div class=\"product-desc\">\n<div class=\"cms-content cms-view-more-content\">\n<div class=\"product attribute overview\">\n<div class=\"value\">Een uitzonderlijke gepatenteerde wereldwijde antiverouderingsbehandeling met Okinawa Beto-extract, de ultieme bron van celregeneratie. Vanaf het eerste gebruik is de huid voller, strakker en soepeler*.<\/div>\n<\/div>\n<\/div>\n<\/div>\n<div class=\"attribut-list skin-type\">\n<div class=\"label\">HUIDTYPE: Alle huidtypes<\/div>\n<\/div>\n<div class=\"attribut-list concerns\">\n<div class=\"label\">BEZORGDHEID: Verlies van stevigheid<\/div>\n<\/div>","protected":false},"featured_media":3139,"template":"","meta":[],"product_brand":[],"product_cat":[101],"product_tag":[],"class_list":{"0":"post-3138","1":"product","2":"type-product","3":"status-publish","4":"has-post-thumbnail","6":"product_cat-visage","8":"first","9":"instock","10":"taxable","11":"shipping-taxable","12":"purchasable","13":"product-type-simple"},"_links":{"self":[{"href":"https:\/\/dolcelahulpegifts.be\/nl\/wp-json\/wp\/v2\/product\/3138","targetHints":{"allow":["GET"]}}],"collection":[{"href":"https:\/\/dolcelahulpegifts.be\/nl\/wp-json\/wp\/v2\/product"}],"about":[{"href":"https:\/\/dolcelahulpegifts.be\/nl\/wp-json\/wp\/v2\/types\/product"}],"version-history":[{"count":5,"href":"https:\/\/dolcelahulpegifts.be\/nl\/wp-json\/wp\/v2\/product\/3138\/revisions"}],"predecessor-version":[{"id":18592,"href":"https:\/\/dolcelahulpegifts.be\/nl\/wp-json\/wp\/v2\/product\/3138\/revisions\/18592"}],"wp:featuredmedia":[{"embeddable":true,"href":"https:\/\/dolcelahulpegifts.be\/nl\/wp-json\/wp\/v2\/media\/3139"}],"wp:attachment":[{"href":"https:\/\/dolcelahulpegifts.be\/nl\/wp-json\/wp\/v2\/media?parent=3138"}],"wp:term":[{"taxonomy":"product_brand","embeddable":true,"href":"https:\/\/dolcelahulpegifts.be\/nl\/wp-json\/wp\/v2\/product_brand?post=3138"},{"taxonomy":"product_cat","embeddable":true,"href":"https:\/\/dolcelahulpegifts.be\/nl\/wp-json\/wp\/v2\/product_cat?post=3138"},{"taxonomy":"product_tag","embeddable":true,"href":"https:\/\/dolcelahulpegifts.be\/nl\/wp-json\/wp\/v2\/product_tag?post=3138"}],"curies":[{"name":"wp","href":"https:\/\/api.w.org\/{rel}","templated":true}]}}