{"id":3142,"date":"2022-06-08T17:47:32","date_gmt":"2022-06-08T15:47:32","guid":{"rendered":"https:\/\/dolcelahulpegifts.duckdns.org\/?post_type=product&#038;p=3142"},"modified":"2026-02-06T13:51:00","modified_gmt":"2026-02-06T12:51:00","slug":"geto-supreme-oog-en-lip-contouren-30ml","status":"publish","type":"product","link":"https:\/\/dolcelahulpegifts.be\/nl\/product\/geto-supreme-le-contour-yeux-et-levres\/","title":{"rendered":"G\u00e9to Supr\u00eame Oog- en Lipcontour"},"content":{"rendered":"<h4 style=\"text-align: left;\">G\u00e9to Supr\u00eame Oog- en Lipcontour (30ml)<\/h4>\n<p style=\"text-align: left;\">G\u00e9to Supr\u00eame Le Contour Yeux et L\u00e8vres is een uitzonderlijke all-round behandeling voor de tere, kwetsbare zones van het gezicht, met de typische ontdekkingen van Okinawa Beto.<\/p>\n<p>Dankzij een optimale combinatie van actieve ingredi\u00ebnten werkt het zowel preventief als corrigerend om :<br \/>\nVerstevig en regenereer dankzij het organische Beto-extract, gecombineerd met het duo biomimetische peptiden van de G\u00e9to Supr\u00eame-lijn.<\/p>\n<p>Verminder wallen met zijdeboombast extract, dat het microvasculaire netwerk consolideert en ontgiftingssystemen stimuleert. Deze decongestieve werking wordt gecombineerd met een antivermoeidheidseffect.<\/p>\n<p>Wis donkere kringen met chrysine. Deze flavono\u00efde stimuleert de eliminatie van bilirubine, het pigment dat verantwoordelijk is voor donkere kringen.<\/p>\n<p>De tekenen van veroudering op kwetsbare delen van het gezicht worden verminderd. Donkere kringen en wallen worden zichtbaar minder. De ogen zien er minder vermoeid uit. De zachte, fijne textuur van G\u00e9to Supr\u00eame Oog- en Lipcontour is geoptimaliseerd voor de meest kwetsbare, tere zones van het gezicht.<\/p>\n<p style=\"text-align: left;\"><strong>Aanwijzingen voor gebruik<\/strong> :<\/p>\n<div class=\"col-sm-6\">\n<div class=\"cms-content cms-view-more-content ivoire-gd\">\n<p style=\"text-align: left;\">s Ochtends en 's avonds aanbrengen op de oog- en lipcontouren.<br \/>\n1. Richt de applicator van de binnenste ooghoek naar de buitenste ooghoek. Breng aan tot het is opgenomen.<br \/>\n2. Rol de applicator over de lipcontour. Strijk glad of oefen een drainerende druk uit totdat de behandeling is geabsorbeerd.<\/p>\n<p style=\"text-align: left;\"><strong>Ingredi\u00ebnten<\/strong> : Aqua (Water) \/ Eau, Glycerine, Butyrospermum Parkii (Shea)-boter, Coco-Caprylate\/Capraat, Cellulose, Macadamia Integrifolia-zaadolie, 1,2-Hexaandiol, Natriumacrylaatcopolymeer, Alpinia Speciosa bladextract, Palmitoyl Tripeptide-1, Palmitoyl Tetrapeptide-7, Albizia Julibrissin schorsextract, Chrysin, Sigesbeckia Orientalis-extract, biotine, N-hydroxysuccinimide, lecithine, propaandiol, natriumstearoylglutamaat, steareth-20, natriumlactaat, carbomeer, butyleenglycol, natriumdehydroacetaat, tocoferol, natriumbenzoaat, kaliumsorbaat, chloorhexidinedigluconaat, citroenzuur, natriumhydroxide, natriumcitraat, polysorbaat 20.<\/p>\n<p>Ontdek de andere producten in het assortiment<\/p>\n<ul>\n<li><a href=\"https:\/\/dolcelahulpegifts.be\/nl\/product\/kyoto-zaak-2\/\">Geto box<\/a><\/li>\n<li><a href=\"https:\/\/dolcelahulpegifts.be\/nl\/product\/geto-supreme-het-serum-30ml\/\">Geto Supreme Serum<\/a><\/li>\n<li><a href=\"https:\/\/dolcelahulpegifts.be\/nl\/product\/geto-supreme-de-creme-50ml\/\">De ultieme Geto-cr\u00e8me<\/a><\/li>\n<\/ul>\n<\/div>\n<\/div>","protected":false},"excerpt":{"rendered":"<div class=\"product-desc\">\n<div class=\"cms-content cms-view-more-content cms-collapsed\">\n<div class=\"product attribute overview\">\n<div class=\"value\">\n<p>Een uitzonderlijke all-round behandeling voor de tere, kwetsbare delen van het gezicht. De drie aluminium bolletjes zorgen voor een onmiddellijk verkoelend effect, waardoor de behandeling nog doeltreffender is om donkere kringen, wallen en rimpels rond de ogen te verminderen en de lipcontour opnieuw te defini\u00ebren.<\/p>\n<p><b>Niet gebruiken als u zwanger bent of borstvoeding geeft.<\/b><\/p>\n<\/div>\n<\/div>\n<\/div>\n<\/div>\n<div class=\"attribut-list skin-type\">\n<div class=\"label\">HUIDTYPE: Alle huidtypes<\/div>\n<\/div>\n<div class=\"attribut-list concerns\">\n<div class=\"label\">BEZORGDHEID: Vermoeidheidsvlekken, Verlies van stevigheid<\/div>\n<\/div>","protected":false},"featured_media":11785,"template":"","meta":[],"product_brand":[],"product_cat":[101],"product_tag":[],"class_list":{"0":"post-3142","1":"product","2":"type-product","3":"status-publish","4":"has-post-thumbnail","6":"product_cat-visage","8":"first","9":"instock","10":"featured","11":"taxable","12":"shipping-taxable","13":"purchasable","14":"product-type-simple"},"_links":{"self":[{"href":"https:\/\/dolcelahulpegifts.be\/nl\/wp-json\/wp\/v2\/product\/3142","targetHints":{"allow":["GET"]}}],"collection":[{"href":"https:\/\/dolcelahulpegifts.be\/nl\/wp-json\/wp\/v2\/product"}],"about":[{"href":"https:\/\/dolcelahulpegifts.be\/nl\/wp-json\/wp\/v2\/types\/product"}],"version-history":[{"count":6,"href":"https:\/\/dolcelahulpegifts.be\/nl\/wp-json\/wp\/v2\/product\/3142\/revisions"}],"predecessor-version":[{"id":18814,"href":"https:\/\/dolcelahulpegifts.be\/nl\/wp-json\/wp\/v2\/product\/3142\/revisions\/18814"}],"wp:featuredmedia":[{"embeddable":true,"href":"https:\/\/dolcelahulpegifts.be\/nl\/wp-json\/wp\/v2\/media\/11785"}],"wp:attachment":[{"href":"https:\/\/dolcelahulpegifts.be\/nl\/wp-json\/wp\/v2\/media?parent=3142"}],"wp:term":[{"taxonomy":"product_brand","embeddable":true,"href":"https:\/\/dolcelahulpegifts.be\/nl\/wp-json\/wp\/v2\/product_brand?post=3142"},{"taxonomy":"product_cat","embeddable":true,"href":"https:\/\/dolcelahulpegifts.be\/nl\/wp-json\/wp\/v2\/product_cat?post=3142"},{"taxonomy":"product_tag","embeddable":true,"href":"https:\/\/dolcelahulpegifts.be\/nl\/wp-json\/wp\/v2\/product_tag?post=3142"}],"curies":[{"name":"wp","href":"https:\/\/api.w.org\/{rel}","templated":true}]}}