{"id":3166,"date":"2022-06-08T17:42:02","date_gmt":"2022-06-08T15:42:02","guid":{"rendered":"https:\/\/dolcelahulpegifts.duckdns.org\/?post_type=product&#038;p=3166"},"modified":"2025-10-24T11:46:07","modified_gmt":"2025-10-24T09:46:07","slug":"dierbare-nacht-creme","status":"publish","type":"product","link":"https:\/\/dolcelahulpegifts.be\/nl\/product\/creme-precieuse-nuit\/","title":{"rendered":"Dierbare nachtcr\u00e8me (50ml)"},"content":{"rendered":"<p style=\"text-align: left;\">La Cr\u00e8me Pr\u00e9cieuse Nuit\u00ae, v\u00e9ritable solution anti-\u00e2ge cibl\u00e9e et innovante, contient une association unique de 4 actifs brevet\u00e9s et d\u2019ingr\u00e9dients naturels efficaces pour r\u00e9g\u00e9n\u00e9rer en profondeur votre peau durant la nuit.<\/p>\n<p>Pour r\u00e9pondre aux probl\u00e9matiques du vieillissement cellulaire, la recherche en cosm\u00e9tologie de pointe Cinq Mondes allie les bienfaits de la Pharmacop\u00e9e Traditionnelle Japonaise au principe de Chronobiologie (\u00e9tude des rythmes biologiques de la peau).<\/p>\n<p>Gr\u00e2ce aux vertus des autres ingr\u00e9dients naturels anti-\u00e2ge, la Cr\u00e8me Pr\u00e9cieuse Nuit\u00ae permet de lutter contre le stress oxydatif tout en apportant nutrition et confort \u00e0 votre peau au r\u00e9veil. Durant le sommeil votre peau se r\u00e9g\u00e9n\u00e8re en profondeur, les traits sont liss\u00e9s et d\u00e9fatigu\u00e9s pour un visage visiblement plus jeune.<\/p>\n<p style=\"text-align: left;\"><strong>Aanwijzingen voor gebruik<\/strong> : Appliquer le soir, apr\u00e8s le Concentr\u00e9 Pr\u00e9cieux\u00ae, l\u2019\u00e9quivalent d\u2019un pois sur l\u2019ensemble du visage, cou et d\u00e9collet\u00e9 puis masser d\u00e9licatement jusqu\u2019\u00e0 p\u00e9n\u00e9tration compl\u00e8te.<br \/>\nAstuce : pour une action r\u00e9paratrice intense, appliquer la Cr\u00e8me Pr\u00e9cieuse\u00ae Nuit en couche plus \u00e9paisse et laisser poser en masque de nuit.<br \/>\nRincer au r\u00e9veil avec l\u2019Eau Micellaire aux Cinq Fleurs\u00ae.<\/p>\n<p style=\"text-align: left;\"><strong>Ingredi\u00ebnten<\/strong> : Aqua (Water), Propanediol Dicaprylate, Glycerin, Caprylic\/Capric Triglyceride, Glycol Palmitate, Pentylene Glycol, Euglena Gracilis Extract, Sucrose Stearate, Glyceryl Stearate Citrate, Polyglyceryl-4 Cocoate, Cetearyl Alcohol, Butyrospermum Parkii (Shea) Butter, Sesamum Indicum (Sesame) Seed Oil*, Cetyl Alchohol, Ammonium Acryloyldimethyltaurate\/ Vp Copolymer, Parfum (Fragrance), Chlorphenesin, Sodium Ricinoleate, Tocopheryl Acetate, Glycol, Palmitate Acid, Eryngium Maritimum Callus Culture Filtrate, Hydroxypropyl Cyclodextrin, Sodium Hyaluronate, Potassium Sorbate, Glycine Soja (Soybean) Oil, Sodium Benzoate Alpha -Isomethyl Ionone, Citric Acid, Limonene, Nelumbo Nucifera (Sacred Lotus) Flower Extract, Perilla Frutescens Leaf Extract, Tocopherol, Palmitoyl Tripeptide-38.<br \/>\n*Ingr\u00e9dients Issus De L\u2019agriculture Biologique \/ Ingredients From Organic Farmer.<\/p>","protected":false},"excerpt":{"rendered":"<p>Een nachtcr\u00e8me die de celvernieuwing stimuleert en de opperhuid regenereert terwijl u slaapt, voor een gerichte antiverouderingsoplossing.<\/p>","protected":false},"featured_media":3240,"template":"","meta":[],"product_brand":[],"product_cat":[101],"product_tag":[],"class_list":{"0":"post-3166","1":"product","2":"type-product","3":"status-publish","4":"has-post-thumbnail","6":"product_cat-visage","8":"first","9":"instock","10":"taxable","11":"shipping-taxable","12":"purchasable","13":"product-type-simple"},"_links":{"self":[{"href":"https:\/\/dolcelahulpegifts.be\/nl\/wp-json\/wp\/v2\/product\/3166","targetHints":{"allow":["GET"]}}],"collection":[{"href":"https:\/\/dolcelahulpegifts.be\/nl\/wp-json\/wp\/v2\/product"}],"about":[{"href":"https:\/\/dolcelahulpegifts.be\/nl\/wp-json\/wp\/v2\/types\/product"}],"version-history":[{"count":3,"href":"https:\/\/dolcelahulpegifts.be\/nl\/wp-json\/wp\/v2\/product\/3166\/revisions"}],"predecessor-version":[{"id":17257,"href":"https:\/\/dolcelahulpegifts.be\/nl\/wp-json\/wp\/v2\/product\/3166\/revisions\/17257"}],"wp:featuredmedia":[{"embeddable":true,"href":"https:\/\/dolcelahulpegifts.be\/nl\/wp-json\/wp\/v2\/media\/3240"}],"wp:attachment":[{"href":"https:\/\/dolcelahulpegifts.be\/nl\/wp-json\/wp\/v2\/media?parent=3166"}],"wp:term":[{"taxonomy":"product_brand","embeddable":true,"href":"https:\/\/dolcelahulpegifts.be\/nl\/wp-json\/wp\/v2\/product_brand?post=3166"},{"taxonomy":"product_cat","embeddable":true,"href":"https:\/\/dolcelahulpegifts.be\/nl\/wp-json\/wp\/v2\/product_cat?post=3166"},{"taxonomy":"product_tag","embeddable":true,"href":"https:\/\/dolcelahulpegifts.be\/nl\/wp-json\/wp\/v2\/product_tag?post=3166"}],"curies":[{"name":"wp","href":"https:\/\/api.w.org\/{rel}","templated":true}]}}