{"id":3174,"date":"2022-06-08T17:41:24","date_gmt":"2022-06-08T15:41:24","guid":{"rendered":"https:\/\/dolcelahulpegifts.duckdns.org\/?post_type=product&#038;p=3174"},"modified":"2026-01-06T14:33:16","modified_gmt":"2026-01-06T13:33:16","slug":"stralend-dierbaar-elixer","status":"publish","type":"product","link":"https:\/\/dolcelahulpegifts.be\/nl\/product\/elixir-precieux-eclat\/","title":{"rendered":"Elixir Pr\u00e9cieux \u00c9clat (15ml)"},"content":{"rendered":"<p style=\"text-align: left;\">\u00c9lixir Pr\u00e9cieux\u00ae \u00c9clat is een krachtig concentraat van 100% plantaardige oli\u00ebn, rijk aan essenti\u00eble vetzuren (Omega 3 en 6), speciaal ontwikkeld voor de huid die op zoek is naar uitstraling. Het combineert de voordelen van papajaolie, de Kemiri-olie die traditioneel door Balinese vrouwen wordt gebruikt om hun stralende teint te behouden, met het deskundige actieve ingredi\u00ebnt Retinoid-Like, dat inwerkt op de celvernieuwing en daarmee op de natuurlijke exfoliatie van de huid voor een resurfacing-effect.<br \/>\nEen frisse, opwekkende geur als een dauwdruppel uit de Balinese bossen.<br \/>\nGebruik in combinatie met Cr\u00e8me \u00c9clat aux Cinq Fleurs\u00ae voor een stralende huid.<\/p>\n<p style=\"text-align: left;\"><strong>Aanwijzingen voor gebruik<\/strong> Breng als kuur van een maand 's ochtends en 's avonds 3 tot 5 druppels aan op het gezicht v\u00f3\u00f3r uw Cinq Mondes cr\u00e8me en masseer het vervolgens in met ronddraaiende, opwaartse bewegingen.<br \/>\nNiet gebruiken voor zwangere vrouwen of vrouwen die borstvoeding geven.<\/p>\n<p style=\"text-align: left;\"><strong>Ingredi\u00ebnten<\/strong> : Helianthus Annuus (Zonnebloem) Zaadolie, Vitis Vinifera (Druiven) Zaadolie*, Coco-Caprylaat\/Capraat, Aleurites Moluccanus Zaadolie*, Parfum (Geur), Carica Papaya (Papaja) Fruitextract*, Crithmum Maritimum Extract*, Eclipta Prostrata Extract, Eclipta Prostrata Blad Extract, Moringa Oleifera Zaadolie, Caprylic\/Capric Triglyceride, Tocopherol, Limoneen, Linalool, Geraniol, Citral, Citronellol. *Ingr\u00e9dients issus de l'agriculture biologique.<\/p>","protected":false},"excerpt":{"rendered":"<div class=\"product-desc\">\n<div class=\"cms-content cms-view-more-content cms-collapsed\">\n<div class=\"product attribute overview\">\n<div class=\"value\">Dit serum, een concentraat van 100% plantaardige oli\u00ebn en gecertificeerd biologisch, geeft de huid een natuurlijke glans dankzij de formule die verrijkt is met resurfacing actieve ingredi\u00ebnten voor een onmiddellijk \u00abnieuwe huid\u00bb-effect. Ideaal voor de huid die op zoek is naar uitstraling.<\/div>\n<\/div>\n<\/div>\n<\/div>\n<div class=\"attribut-list skin-type\">\n<div class=\"label\">HUIDTYPE: Alle huidtypes<\/div>\n<\/div>\n<p><strong>Niet gebruiken voor zwangere vrouwen of vrouwen die borstvoeding geven.<\/strong><\/p>","protected":false},"featured_media":13738,"template":"","meta":[],"product_brand":[],"product_cat":[101],"product_tag":[],"class_list":{"0":"post-3174","1":"product","2":"type-product","3":"status-publish","4":"has-post-thumbnail","6":"product_cat-visage","8":"first","9":"instock","10":"taxable","11":"shipping-taxable","12":"purchasable","13":"product-type-simple"},"_links":{"self":[{"href":"https:\/\/dolcelahulpegifts.be\/nl\/wp-json\/wp\/v2\/product\/3174","targetHints":{"allow":["GET"]}}],"collection":[{"href":"https:\/\/dolcelahulpegifts.be\/nl\/wp-json\/wp\/v2\/product"}],"about":[{"href":"https:\/\/dolcelahulpegifts.be\/nl\/wp-json\/wp\/v2\/types\/product"}],"version-history":[{"count":6,"href":"https:\/\/dolcelahulpegifts.be\/nl\/wp-json\/wp\/v2\/product\/3174\/revisions"}],"predecessor-version":[{"id":17263,"href":"https:\/\/dolcelahulpegifts.be\/nl\/wp-json\/wp\/v2\/product\/3174\/revisions\/17263"}],"wp:featuredmedia":[{"embeddable":true,"href":"https:\/\/dolcelahulpegifts.be\/nl\/wp-json\/wp\/v2\/media\/13738"}],"wp:attachment":[{"href":"https:\/\/dolcelahulpegifts.be\/nl\/wp-json\/wp\/v2\/media?parent=3174"}],"wp:term":[{"taxonomy":"product_brand","embeddable":true,"href":"https:\/\/dolcelahulpegifts.be\/nl\/wp-json\/wp\/v2\/product_brand?post=3174"},{"taxonomy":"product_cat","embeddable":true,"href":"https:\/\/dolcelahulpegifts.be\/nl\/wp-json\/wp\/v2\/product_cat?post=3174"},{"taxonomy":"product_tag","embeddable":true,"href":"https:\/\/dolcelahulpegifts.be\/nl\/wp-json\/wp\/v2\/product_tag?post=3174"}],"curies":[{"name":"wp","href":"https:\/\/api.w.org\/{rel}","templated":true}]}}