{"id":3178,"date":"2022-06-08T17:41:01","date_gmt":"2022-06-08T15:41:01","guid":{"rendered":"https:\/\/dolcelahulpegifts.duckdns.org\/?post_type=product&#038;p=3178"},"modified":"2026-01-06T14:33:28","modified_gmt":"2026-01-06T13:33:28","slug":"voedend-dierbaar-elixer","status":"publish","type":"product","link":"https:\/\/dolcelahulpegifts.be\/nl\/product\/elixir-precieux-nourrissant\/","title":{"rendered":"Precious Voedend Elixir (15ml)"},"content":{"rendered":"<p style=\"text-align: left;\">Nourishing Precious Elixir\u00ae is een krachtig concentraat van 100% plantaardige oli\u00ebn, rijk aan essenti\u00eble vetzuren (Omega 3 en 6), speciaal voor de droge huid. De combinatie van Arganolie, \u00abvloeibaar goud\u00bb, en Saffloerolie wordt in Marokko traditioneel gebruikt om de door de zon uitgedroogde huid te herstellen en te revitaliseren. De toevoeging van het deskundige actieve ingredi\u00ebnt \u00abCeramide Booster\u00bb van Laboratoires Cinq Mondes werkt direct in op de kern van de epidermale cellen om hun cohesie te versterken en de huidbarri\u00e8re sneller te herstellen.<br \/>\nDe geur met zoete noten van oranjebloesem voert u mee naar het hart van de sinaasappelboomgaarden van de Atlas.<br \/>\nGebruik in combinatie met Youth Ointment\u00ae Droge Huid voor een gezondere huid die lang houdt.<\/p>\n<p style=\"text-align: left;\"><strong>Aanwijzingen voor gebruik<\/strong> Als kuur van een maand brengt u 's ochtends en 's avonds v\u00f3\u00f3r uw cr\u00e8me 3 tot 5 druppels aan op het gezicht en masseert u dit vervolgens in met ronddraaiende, opwaartse bewegingen.<\/p>\n<p style=\"text-align: left;\"><strong>Ingredi\u00ebnten<\/strong> : Vitis Vinifera (Druiven) Zaadolie*, Argania Spinosa Kernelolie*, Persea Gratissima (Avocado) Olie*, Helianthus Annuus (Zonnebloem) Zaadolie, Carthamus Tinctorius (Saffloer) Zaadolie*, Oliezuur\/Linoleenzuur\/Linoleenzuur Polyglyceriden, Parfum (Geur), Octyldodecyl Pca, Daucus Carota Sativa (Wortel) Wortelextract*, Rosmarinus Officinalis (Rozemarijn) Bladextract*, Tocoferol, Limoneen, Linalool, Geraniol, Citral. *Ingr\u00e9dients issus de l'agriculture biologique.<\/p>","protected":false},"excerpt":{"rendered":"<div class=\"product-desc\">\n<div class=\"cms-content cms-view-more-content\">\n<div class=\"product attribute overview\">\n<div class=\"value\">Dit ultravoedende serum, geconcentreerd met 100% plantaardige oli\u00ebn en gecertificeerd biologisch, is speciaal ontwikkeld voor de droge huid die voeding en vocht tekort komt.<\/div>\n<\/div>\n<\/div>\n<\/div>\n<div class=\"attribut-list skin-type\">\n<div class=\"label\">HUIDTYPE: Droge huid<\/div>\n<\/div>\n<div class=\"attribut-list concerns\">\n<div class=\"label\">BEZORGDHEID: Uitdroging<\/div>\n<\/div>","protected":false},"featured_media":13739,"template":"","meta":[],"product_brand":[],"product_cat":[101],"product_tag":[],"class_list":{"0":"post-3178","1":"product","2":"type-product","3":"status-publish","4":"has-post-thumbnail","6":"product_cat-visage","8":"first","9":"instock","10":"taxable","11":"shipping-taxable","12":"purchasable","13":"product-type-simple"},"_links":{"self":[{"href":"https:\/\/dolcelahulpegifts.be\/nl\/wp-json\/wp\/v2\/product\/3178","targetHints":{"allow":["GET"]}}],"collection":[{"href":"https:\/\/dolcelahulpegifts.be\/nl\/wp-json\/wp\/v2\/product"}],"about":[{"href":"https:\/\/dolcelahulpegifts.be\/nl\/wp-json\/wp\/v2\/types\/product"}],"version-history":[{"count":5,"href":"https:\/\/dolcelahulpegifts.be\/nl\/wp-json\/wp\/v2\/product\/3178\/revisions"}],"predecessor-version":[{"id":15220,"href":"https:\/\/dolcelahulpegifts.be\/nl\/wp-json\/wp\/v2\/product\/3178\/revisions\/15220"}],"wp:featuredmedia":[{"embeddable":true,"href":"https:\/\/dolcelahulpegifts.be\/nl\/wp-json\/wp\/v2\/media\/13739"}],"wp:attachment":[{"href":"https:\/\/dolcelahulpegifts.be\/nl\/wp-json\/wp\/v2\/media?parent=3178"}],"wp:term":[{"taxonomy":"product_brand","embeddable":true,"href":"https:\/\/dolcelahulpegifts.be\/nl\/wp-json\/wp\/v2\/product_brand?post=3178"},{"taxonomy":"product_cat","embeddable":true,"href":"https:\/\/dolcelahulpegifts.be\/nl\/wp-json\/wp\/v2\/product_cat?post=3178"},{"taxonomy":"product_tag","embeddable":true,"href":"https:\/\/dolcelahulpegifts.be\/nl\/wp-json\/wp\/v2\/product_tag?post=3178"}],"curies":[{"name":"wp","href":"https:\/\/api.w.org\/{rel}","templated":true}]}}