{"id":3189,"date":"2022-06-08T17:40:04","date_gmt":"2022-06-08T15:40:04","guid":{"rendered":"https:\/\/dolcelahulpegifts.duckdns.org\/?post_type=product&#038;p=3189"},"modified":"2026-01-06T14:33:38","modified_gmt":"2026-01-06T13:33:38","slug":"zuiverend-dierbaar-elixer","status":"publish","type":"product","link":"https:\/\/dolcelahulpegifts.be\/nl\/product\/elixir-precieux-purifiant\/","title":{"rendered":"Zuiverend Kostbaar Elixir (15ml)"},"content":{"rendered":"<p style=\"text-align: left;\">L'\u00c9lixir Pr\u00e9cieux\u00ae Purifiant is een krachtig concentraat van gecertificeerde biologische 100 % plantaardige oli\u00ebn.<br \/>\nDe zwarte komijnolie, heilig in het oude Egypte, werd traditioneel gebruikt om de huid weer in balans te brengen en te zuiveren. Deze olie is rijk aan Omega-6 en vitamine E en helpt onvolkomenheden te bestrijden. Pompoenzaadolie, bekend om zijn talgregulerende en verzachtende eigenschappen, maakt deze combinatie van oli\u00ebn compleet en draagt bij aan de natuurlijke balans van de huid.<br \/>\nDe toevoeging van deskundige actieve ingredi\u00ebnten, Fytofenolen, helpt overtollig talg te reguleren, waardoor het effect van een vette huid wordt beperkt.<br \/>\nDe aromatische geur met frisse noten van Bergamot, Kaneel en Mirre voert u mee naar het hart van Egyptische oases en wekt een gevoel van detox op.<br \/>\nTe gebruiken in combinatie met Onguent de Jeunesse\u00ae Peaux Normales \u00e0 Combtes.<\/p>\n<p style=\"text-align: left;\"><strong>Aanwijzingen voor gebruik<\/strong> Breng als kuur van een maand 's ochtends en 's avonds 3 tot 5 druppels aan op het gezicht v\u00f3\u00f3r uw Cinq Mondes cr\u00e8me en masseer het vervolgens in met ronddraaiende, opwaartse bewegingen.<br \/>\nTip: breng een druppel van het Elixir aan op een puistje, het zal verdwijnen en de huid zal sneller genezen.<br \/>\nNiet gebruiken voor zwangere vrouwen of vrouwen die borstvoeding geven.<\/p>\n<p style=\"text-align: left;\"><strong>Ingredi\u00ebnten<\/strong> : Helianthus Annuus (Zonnebloem) Zaadolie, Vitis Vinifera (Druiven) Zaadolie*, Coco-Caprylate\/Capraat, Nigella Sativa Zaadolie*, Cucurbita Pepo (Pompoen) Zaadolie*, Parfum (Geur), Camelina Sativa Zaadolie*, Thymus Vulgaris (Tijm) Bloem\/blad\/stam-extract*, Camellia Sinensis bladextract*, Mentha Spicata Bloem\/blad\/stam-extract*, Tocoferol, Linalool, Limoneen, Citronellol, Eugenol, Geraniol, Cinnamyl Alcohol, Cinnamal, Citral. *Ingr\u00e9dients issus de l'agriculture biologique.<\/p>","protected":false},"excerpt":{"rendered":"<p>L'Elixir pr\u00e9cieux purifiant is een concentraat van 100% plantaardige oli\u00ebn en gecertificeerd biologisch. Dit serum is een zuiverende behandeling die het evenwicht van de huid helpt herstellen. Ideaal voor de gemengde tot vette huid met neiging tot imperfecties.<\/p>\n<p><strong>Niet gebruiken voor zwangere vrouwen of vrouwen die borstvoeding geven.<\/strong><\/p>","protected":false},"featured_media":13740,"template":"","meta":[],"product_brand":[],"product_cat":[101],"product_tag":[],"class_list":{"0":"post-3189","1":"product","2":"type-product","3":"status-publish","4":"has-post-thumbnail","6":"product_cat-visage","8":"first","9":"instock","10":"taxable","11":"shipping-taxable","12":"purchasable","13":"product-type-simple"},"_links":{"self":[{"href":"https:\/\/dolcelahulpegifts.be\/nl\/wp-json\/wp\/v2\/product\/3189","targetHints":{"allow":["GET"]}}],"collection":[{"href":"https:\/\/dolcelahulpegifts.be\/nl\/wp-json\/wp\/v2\/product"}],"about":[{"href":"https:\/\/dolcelahulpegifts.be\/nl\/wp-json\/wp\/v2\/types\/product"}],"version-history":[{"count":5,"href":"https:\/\/dolcelahulpegifts.be\/nl\/wp-json\/wp\/v2\/product\/3189\/revisions"}],"predecessor-version":[{"id":17275,"href":"https:\/\/dolcelahulpegifts.be\/nl\/wp-json\/wp\/v2\/product\/3189\/revisions\/17275"}],"wp:featuredmedia":[{"embeddable":true,"href":"https:\/\/dolcelahulpegifts.be\/nl\/wp-json\/wp\/v2\/media\/13740"}],"wp:attachment":[{"href":"https:\/\/dolcelahulpegifts.be\/nl\/wp-json\/wp\/v2\/media?parent=3189"}],"wp:term":[{"taxonomy":"product_brand","embeddable":true,"href":"https:\/\/dolcelahulpegifts.be\/nl\/wp-json\/wp\/v2\/product_brand?post=3189"},{"taxonomy":"product_cat","embeddable":true,"href":"https:\/\/dolcelahulpegifts.be\/nl\/wp-json\/wp\/v2\/product_cat?post=3189"},{"taxonomy":"product_tag","embeddable":true,"href":"https:\/\/dolcelahulpegifts.be\/nl\/wp-json\/wp\/v2\/product_tag?post=3189"}],"curies":[{"name":"wp","href":"https:\/\/api.w.org\/{rel}","templated":true}]}}