{"id":3196,"date":"2022-06-08T17:39:23","date_gmt":"2022-06-08T15:39:23","guid":{"rendered":"https:\/\/dolcelahulpegifts.duckdns.org\/?post_type=product&#038;p=3196"},"modified":"2026-01-06T14:38:56","modified_gmt":"2026-01-06T13:38:56","slug":"geto-supreme-het-serum-30ml","status":"publish","type":"product","link":"https:\/\/dolcelahulpegifts.be\/nl\/product\/geto-supreme-le-serum\/","title":{"rendered":"G\u00e9to Supr\u00eame Le S\u00e9rum (30ml)"},"content":{"rendered":"<p style=\"text-align: left;\">Met een maximale concentratie biologisch G\u00e9to-extract is G\u00e9to Supr\u00eame Le S\u00e9rum veel meer dan een serum: het is een anti-verouderingsbehandeling die alle tekenen van veroudering op het gezicht en in de hals voorkomt en bestrijdt.<br \/>\nDe kracht? Een uitzonderlijke combinatie van actieve ingredi\u00ebnten:<br \/>\nSterk geconcentreerd organisch Beto-extract, gecombineerd met een duo biomimetische peptiden om te regenereren en te verstevigen.<br \/>\nEen exclusief hyalu-complex actief ingredi\u00ebnt, een combinatie van hyaluronzuur met een hoog moleculair gewicht en glucoronzuur, beide van plantaardige oorsprong en van nature aanwezig in de huid, maar waarvan de productie na verloop van tijd afneemt. Het eerste blijft aan de oppervlakte om de huidhydratatie op peil te houden en fijne lijntjes en rimpels glad te strijken. Het tweede werkt diep in de huid om de productie van hyaluronzuur te stimuleren.<br \/>\nDe huid is volledig gehydrateerd en wordt weer elastisch. Ze is steviger en geregenereerd. Rimpels en fijne lijntjes worden gladgestreken. De teint is fris en stralend.<br \/>\nDankzij de melkachtige macro-emulsie verandert G\u00e9to Supr\u00eame Le S\u00e9rum bij contact met de huid in een niet-vette olie. De druppeltjes met de actieve ingredi\u00ebnten smelten perfect in de huid. Het is voedend maar licht en laat een zachte, fluweelachtige finish achter.<\/p>\n<p style=\"text-align: left;\"><strong>Aanwijzingen voor gebruik<\/strong> Dankzij de uitzonderlijke concentratie aan G\u00e9to Bio-extract en het hoge penetratievermogen is \u00e9\u00e9n dosis voldoende voor een onmiddellijke, diepgaande werking. Breng G\u00e9to Supr\u00eame Le S\u00e9rum 's ochtends en\/of 's avonds aan op een grondig gereinigde huid om uw schoonheidsroutine te starten.<\/p>\n<p>1. Breng het serum grondig aan op het gezicht en de hals. Werk in een draaiende beweging van de onderkant van de hals naar de bovenkant van het voorhoofd.<br \/>\n2. Voer een Kyoku-te slag uit aan elke kant van het gezicht (dit bestaat uit lichte tikken, waarbij de handen elkaar afwisselen en van de kin naar de wangen omhoog bewegen).<br \/>\n3. Gebruik bij de fronslijn de wijsvingers om afwisselend zigzaggende en kruisende bewegingen te maken, omhoog naar de bovenkant van het voorhoofd.<\/p>\n<p>Breng G\u00e9to Supr\u00eame Le S\u00e9rum 's ochtends en\/of 's avonds aan op een perfect gereinigde huid om uw schoonheidsroutine te starten.<\/p>\n<p style=\"text-align: left;\"><strong>Ingredi\u00ebnten<\/strong> : Aqua (Water) \/ Eau, Dicaprylyl Carbonate, Coco-Caprylate\/Caprate, Butyrospermum Parkii (Shea) Butter, Glycerine, Propanediol, Gehydrolyseerd Gistextract, Cetearyl Alcohol, Microkristallijne Cellulose, Alpinia Speciosa bladextract, Palmitoyl Tripeptide-1, Palmitoyltetrapeptide-7, Natriumhyaluronaat, Polyglucuronzuur, Fibro\u00efne, Undaria Pinnatifida-extract, Lecithine, Caprylic\/Capric Triglyceride, 1.,2-Hexaandiol, Sorbitaan Caprylaat, Natriumstearoylglutamaat, Natriumlactaat, Carbomeer, Cellulosegom, Cetylhydroxyethylcellulose, Xanthaangom, Butyleenglycol, Parfum (Parfum), Tocoferol, Natriumbenzoaat, Kaliumsorbaat, Benzo\u00ebzuur, Melkzuur, Citroenzuur, Polysorbaat 20, Tetramethyl Acetyloctahydronaftalenen, Benzylsalicylaat, Hydroxycitronellal, Linalool, Cananga Odorata olie\/extract, Pinene.<\/p>","protected":false},"excerpt":{"rendered":"<p>Met een maximale concentratie organisch Beto-extract is deze behandeling veel meer dan een serum: het is een anti-verouderingsbehandeling die alle tekenen van veroudering op het gezicht en in de hals voorkomt en bestrijdt.<\/p>","protected":false},"featured_media":3197,"template":"","meta":[],"product_brand":[],"product_cat":[101],"product_tag":[],"class_list":{"0":"post-3196","1":"product","2":"type-product","3":"status-publish","4":"has-post-thumbnail","6":"product_cat-visage","8":"first","9":"instock","10":"taxable","11":"shipping-taxable","12":"purchasable","13":"product-type-simple"},"_links":{"self":[{"href":"https:\/\/dolcelahulpegifts.be\/nl\/wp-json\/wp\/v2\/product\/3196","targetHints":{"allow":["GET"]}}],"collection":[{"href":"https:\/\/dolcelahulpegifts.be\/nl\/wp-json\/wp\/v2\/product"}],"about":[{"href":"https:\/\/dolcelahulpegifts.be\/nl\/wp-json\/wp\/v2\/types\/product"}],"version-history":[{"count":4,"href":"https:\/\/dolcelahulpegifts.be\/nl\/wp-json\/wp\/v2\/product\/3196\/revisions"}],"predecessor-version":[{"id":18593,"href":"https:\/\/dolcelahulpegifts.be\/nl\/wp-json\/wp\/v2\/product\/3196\/revisions\/18593"}],"wp:featuredmedia":[{"embeddable":true,"href":"https:\/\/dolcelahulpegifts.be\/nl\/wp-json\/wp\/v2\/media\/3197"}],"wp:attachment":[{"href":"https:\/\/dolcelahulpegifts.be\/nl\/wp-json\/wp\/v2\/media?parent=3196"}],"wp:term":[{"taxonomy":"product_brand","embeddable":true,"href":"https:\/\/dolcelahulpegifts.be\/nl\/wp-json\/wp\/v2\/product_brand?post=3196"},{"taxonomy":"product_cat","embeddable":true,"href":"https:\/\/dolcelahulpegifts.be\/nl\/wp-json\/wp\/v2\/product_cat?post=3196"},{"taxonomy":"product_tag","embeddable":true,"href":"https:\/\/dolcelahulpegifts.be\/nl\/wp-json\/wp\/v2\/product_tag?post=3196"}],"curies":[{"name":"wp","href":"https:\/\/api.w.org\/{rel}","templated":true}]}}