{"id":3205,"date":"2022-06-08T17:38:42","date_gmt":"2022-06-08T15:38:42","guid":{"rendered":"https:\/\/dolcelahulpegifts.duckdns.org\/?post_type=product&#038;p=3205"},"modified":"2025-10-24T14:53:33","modified_gmt":"2025-10-24T12:53:33","slug":"masker-intense-hydratatie-7-chinese-planten","status":"publish","type":"product","link":"https:\/\/dolcelahulpegifts.be\/nl\/product\/masque-hydratation-intense-aux-7-plantes-chinoises\/","title":{"rendered":"Intens Hydratatie Masker (60ml)"},"content":{"rendered":"<p style=\"text-align: left;\">Ge\u00efnspireerd door de schoonheidsrituelen van Wu Zetian, de enige regerende keizerin in de geschiedenis van China, heeft Cinq Mondes voorouderlijke farmacopee gecombineerd met geavanceerde cosmetologie om het Intense Hydration Mask te ontwikkelen. De kern van de formule wordt gevormd door gepatenteerde actieve ingredi\u00ebnten in combinatie met 7 Chinese planten die het vochtgehalte van de huid op peil houden voor onmiddellijke hydratatie, terwijl ze de huid diep opvullen en beschermen tegen externe agressors.<\/p>\n<p>Ce masque contient deux actifs brevet\u00e9s au pouvoir lissant et repulpant : l\u2019Imperata Cylindrica\u00ae associ\u00e9 \u00e0 l\u2019Acide Hyaluronique v\u00e9g\u00e9tal\u00ae. L\u2019association de 7 plantes chinoises telles que le Sophora Japonica, le Ginseng, le S\u00e9same et l\u2019Ang\u00e9lique Chinoise Biologique aux propri\u00e9t\u00e9s hydratantes\u00b9 et antioxydantes permet de lutter contre le stress oxydatif et pr\u00e9venir les rides de d\u00e9shydratation.<br \/>\nV\u00e9ritable masque SOS pour les peaux les plus assoiff\u00e9es, le Masque Hydratation Intense repulpe en profondeur et procure un confort imm\u00e9diat gr\u00e2ce \u00e0 sa texture gel-cr\u00e8me extra fra\u00eeche au fini velout\u00e9. Son parfum d\u00e9paysant de jasmin, bergamote et c\u00e8dre offre une exp\u00e9rience sensorielle au c\u0153ur de la Chine !<\/p>\n<p style=\"text-align: left;\"><strong>Aanwijzingen voor gebruik<\/strong> : Le Masque Hydratation Intense est compl\u00e9mentaire \u00e0 votre cr\u00e8me visage hydratante quotidienne.<br \/>\nA utiliser 1-2 fois par semaine. Avant la pose, pr\u00e9parez votre peau et maximisez les effets du masque, en r\u00e9alisant un gommage.<br \/>\nAppliquez une noisette du masque en couche tr\u00e8s fine sur le visage et le cou, en \u00e9vitant le contour des yeux. Laissez poser 5 minutes puis rincez.<br \/>\nL\u2019astuce Multimasking : Votre peau tiraille sur les joues et brille sur certaines zones ?<br \/>\nAppliquez le Masque Kaolin et Fleurs, purifiant et d\u00e9toxifiant, sur la Zone T (front, nez, menton) et le Masque Hydratation Intense sur les joues pour hydrater et repulper la peau.<\/p>\n<p style=\"text-align: left;\"><strong>Ingredi\u00ebnten<\/strong> : Aqua (Water) \/ Eau, Squalaan, Glyceryl Stearate, Glycerine, Ceteareth-20, Propyleenglycol Laurate, Hydroxyethyl Urea, Wortelextract van Imperata Cylindrica, Ceteareth-12, Sesamum Indicum (Sesam) Zaadolie, Wortelextract van Angelica Archangelica, Methylpropanediol, propyleenglycol, carbomeer, cetearylalcohol, cetylpalmitaat, cocoglyceriden, ethylhexylglycerine, parfum, chloorfenesine, tocoferylacetaat, caprylhydroxaminezuur, ethylcellulose, propyleenglycolisostearaat, Natriumhyaluronaat, Natriumhydroxide, O-Cymen-5-Ol, Ammoniumlactaat, Dinatrium Edta, Citroenzuur, Caprylyl Glycol, Sophora Japonicabloemextract, Natriumcitraat, Panax Ginsenwortelextract, Natriumbenzoaat, Nelumbo Nucifera bloemextract, Kaliumsorbaat, Acrylaten\/C10- 30 Alkyl Acrylaat Crosspolymeer, Biotine, Citrus Aurantium Bergamia (Bergamot) Schilolie, Juniperus Virginiana Olie, Linalool, Limoneen, Tetramethyl Acetyloctahydronaftalenen, Linalyl Acetaat.<\/p>","protected":false},"excerpt":{"rendered":"<div class=\"product-desc\">\n<div class=\"cms-content cms-view-more-content\">\n<div class=\"product attribute overview\">\n<div class=\"value\">Een shot onmiddellijke hydratatie voor alle huidtypes, ook de meest dorstige.<\/div>\n<\/div>\n<\/div>\n<\/div>\n<div class=\"attribut-list skin-type\">\n<div class=\"label\">HUIDTYPE: Alle huidtypes<\/div>\n<\/div>\n<div class=\"attribut-list concerns\">\n<div class=\"label\">PREOCCUPATIES: Uitdroging<\/div>\n<\/div>","protected":false},"featured_media":11868,"template":"","meta":[],"product_brand":[],"product_cat":[101,113],"product_tag":[],"class_list":{"0":"post-3205","1":"product","2":"type-product","3":"status-publish","4":"has-post-thumbnail","6":"product_cat-visage","7":"product_cat-en-solo","9":"first","10":"instock","11":"taxable","12":"shipping-taxable","13":"purchasable","14":"product-type-simple"},"_links":{"self":[{"href":"https:\/\/dolcelahulpegifts.be\/nl\/wp-json\/wp\/v2\/product\/3205","targetHints":{"allow":["GET"]}}],"collection":[{"href":"https:\/\/dolcelahulpegifts.be\/nl\/wp-json\/wp\/v2\/product"}],"about":[{"href":"https:\/\/dolcelahulpegifts.be\/nl\/wp-json\/wp\/v2\/types\/product"}],"version-history":[{"count":4,"href":"https:\/\/dolcelahulpegifts.be\/nl\/wp-json\/wp\/v2\/product\/3205\/revisions"}],"predecessor-version":[{"id":17326,"href":"https:\/\/dolcelahulpegifts.be\/nl\/wp-json\/wp\/v2\/product\/3205\/revisions\/17326"}],"wp:featuredmedia":[{"embeddable":true,"href":"https:\/\/dolcelahulpegifts.be\/nl\/wp-json\/wp\/v2\/media\/11868"}],"wp:attachment":[{"href":"https:\/\/dolcelahulpegifts.be\/nl\/wp-json\/wp\/v2\/media?parent=3205"}],"wp:term":[{"taxonomy":"product_brand","embeddable":true,"href":"https:\/\/dolcelahulpegifts.be\/nl\/wp-json\/wp\/v2\/product_brand?post=3205"},{"taxonomy":"product_cat","embeddable":true,"href":"https:\/\/dolcelahulpegifts.be\/nl\/wp-json\/wp\/v2\/product_cat?post=3205"},{"taxonomy":"product_tag","embeddable":true,"href":"https:\/\/dolcelahulpegifts.be\/nl\/wp-json\/wp\/v2\/product_tag?post=3205"}],"curies":[{"name":"wp","href":"https:\/\/api.w.org\/{rel}","templated":true}]}}