{"id":3210,"date":"2022-06-08T17:38:20","date_gmt":"2022-06-08T15:38:20","guid":{"rendered":"https:\/\/dolcelahulpegifts.duckdns.org\/?post_type=product&#038;p=3210"},"modified":"2026-05-13T12:12:37","modified_gmt":"2026-05-13T10:12:37","slug":"zaden-en-bloemen-scrub","status":"publish","type":"product","link":"https:\/\/dolcelahulpegifts.be\/nl\/product\/exfoliant-graines-et-fleurs\/","title":{"rendered":"Scrub van zaden en bloemen (60 ml)"},"content":{"rendered":"<p style=\"text-align: left;\">Inspir\u00e9 des rituels de beaut\u00e9 balinais pratiqu\u00e9s depuis le XVIe si\u00e8cle, l\u2019Exfoliant Graines et Fleurs s\u2019inspire du Lulur, un gommage traditionnel utilis\u00e9 avant les c\u00e9r\u00e9monies pour purifier et r\u00e9veiller l\u2019\u00e9clat du teint.<br \/>\nGr\u00e2ce \u00e0 ses micro-poudres de riz, cet exfoliant ultra-fin \u00e9limine les cellules mortes et impuret\u00e9s en un seul geste, il am\u00e9liore la texture de peau efficacement et sans irritations.<br \/>\nSa formule associant trois fleurs tropicales balinaises et de l\u2019huile de papaye permet d\u2019illuminer et purifier la peau en douceur. D\u00e8s la premi\u00e8re utilisation, le teint retrouve son \u00e9clat, les pores sont resserr\u00e9s, la peau est plus douce et lisse.<br \/>\nJour apr\u00e8s jour, le grain de peau est affin\u00e9 et la peau est visiblement r\u00e9g\u00e9n\u00e9r\u00e9e.<br \/>\nTest\u00e9 sous contr\u00f4le dermatologique.<\/p>\n<p style=\"text-align: left;\"><strong>Aanwijzingen voor gebruik<\/strong> Een- of tweemaal per week aanbrengen op de vochtige huid van gezicht en hals, 2-3 minuten zachtjes inmasseren en vervolgens afspoelen met water.<\/p>\n<p style=\"text-align: left;\"><strong>Ingredi\u00ebnten <\/strong>: Aqua (Water) \/ Eau, Oryza Sativa (Rijst) Poeder, Caprylic\/Capric Triglyceride, Propanediol, Helianthus Annuus (Zonnebloem) Zaadolie, Cetearyl Alcohol, Behenyl Alcohol, Cetearyl Glucoside, Parfum (Geur), Natriumbenzoaat, 1,2-Hexaandiol, Passiflora Incarnata Zaadolie, Pentylene Glycol, Xanthan Gum, Glycerine, Carica Papaya (Papaja) Vruchtextract, Lilium Candidum bloemextract, citroenzuur, tocoferol, b\u00e8tacaroteen, Daucus Carota Sativa (wortel)wortelextract, Daucus Carota Sativa (wortel)zaadolie, Gardenia Taitensis bloemextract, Zingiber Officinale (gember)wortelextract, Hibiscus Sabdariffa bloemextract, kaliumsorbaat, benzylsalicylaat, linalool, citroengrasolie, citral.<\/p>","protected":false},"excerpt":{"rendered":"<div class=\"product-desc\">\n<div class=\"cms-content cms-view-more-content\">\n<div class=\"product attribute overview\">\n<div class=\"value\">Een ultrafijne gezichtsscrub ge\u00efnspireerd door Balinese tradities die verheldert en zuivert voor een huid die er zo goed als nieuw uitziet.<\/div>\n<\/div>\n<\/div>\n<\/div>\n<div class=\"attribut-list skin-type\">\n<div class=\"label\">HUIDTYPE: Alle huidtypes<\/div>\n<\/div>","protected":false},"featured_media":17293,"template":"","meta":[],"product_brand":[],"product_cat":[101],"product_tag":[],"class_list":{"0":"post-3210","1":"product","2":"type-product","3":"status-publish","4":"has-post-thumbnail","6":"product_cat-visage","8":"first","9":"instock","10":"taxable","11":"shipping-taxable","12":"purchasable","13":"product-type-simple"},"_links":{"self":[{"href":"https:\/\/dolcelahulpegifts.be\/nl\/wp-json\/wp\/v2\/product\/3210","targetHints":{"allow":["GET"]}}],"collection":[{"href":"https:\/\/dolcelahulpegifts.be\/nl\/wp-json\/wp\/v2\/product"}],"about":[{"href":"https:\/\/dolcelahulpegifts.be\/nl\/wp-json\/wp\/v2\/types\/product"}],"version-history":[{"count":3,"href":"https:\/\/dolcelahulpegifts.be\/nl\/wp-json\/wp\/v2\/product\/3210\/revisions"}],"predecessor-version":[{"id":17298,"href":"https:\/\/dolcelahulpegifts.be\/nl\/wp-json\/wp\/v2\/product\/3210\/revisions\/17298"}],"wp:featuredmedia":[{"embeddable":true,"href":"https:\/\/dolcelahulpegifts.be\/nl\/wp-json\/wp\/v2\/media\/17293"}],"wp:attachment":[{"href":"https:\/\/dolcelahulpegifts.be\/nl\/wp-json\/wp\/v2\/media?parent=3210"}],"wp:term":[{"taxonomy":"product_brand","embeddable":true,"href":"https:\/\/dolcelahulpegifts.be\/nl\/wp-json\/wp\/v2\/product_brand?post=3210"},{"taxonomy":"product_cat","embeddable":true,"href":"https:\/\/dolcelahulpegifts.be\/nl\/wp-json\/wp\/v2\/product_cat?post=3210"},{"taxonomy":"product_tag","embeddable":true,"href":"https:\/\/dolcelahulpegifts.be\/nl\/wp-json\/wp\/v2\/product_tag?post=3210"}],"curies":[{"name":"wp","href":"https:\/\/api.w.org\/{rel}","templated":true}]}}