{"id":3251,"date":"2022-06-09T11:52:29","date_gmt":"2022-06-09T09:52:29","guid":{"rendered":"https:\/\/dolcelahulpegifts.duckdns.org\/?post_type=product&#038;p=3251"},"modified":"2026-01-06T14:29:10","modified_gmt":"2026-01-06T13:29:10","slug":"douche-en-badolie-ritueel-van-bangalore","status":"publish","type":"product","link":"https:\/\/dolcelahulpegifts.be\/nl\/product\/huile-de-douche-et-bain-rituel-de-bengalore\/","title":{"rendered":"Fyto-aromatische douche- en badolie - Ritueel van Bengalore (200ml)"},"content":{"rendered":"<p style=\"text-align: left;\">Fyto-aromatische douche- en badolie (Ritueel van Bengalore, India) combineert de hydraterende* kracht van plantaardige oli\u00ebn met de verzachtende eigenschappen van essenti\u00eble oli\u00ebn van kardemom en vanille-absoluut. Bij contact met water verandert de olie in een melkachtige sluier en vervolgens in een romig schuim. De huid wordt gereinigd, gehydrateerd* en licht geparfumeerd (*hydratatie van de bovenste lagen van de opperhuid).<\/p>\n<p style=\"text-align: left;\"><strong>Aanwijzingen voor gebruik<\/strong> Via de Ar\u00f4mes et Couleurs\u00ae-methode wordt elke geurcompositie geassocieerd met een kleur en een energetische boodschap op maat van uw behoeften.<br \/>\nDeze olie brengt u een energetische boodschap van ontspanning, herori\u00ebntatie en innerlijke kalmte.<br \/>\nBreng de olie aan op een goed bevochtigde huid. Afspoelen voor een satijnzachte, subtiel geurende huid.<\/p>\n<p style=\"text-align: left;\"><strong>Ingredi\u00ebnten<\/strong> Polysorbaat 20, Laureth-4, Tipa-Laureth Sulfaat, Ricinus Communis (Castor) Zaadolie, Aqua (Water) \/ Eau, Zoete Amandelolie Peg-8 Esters, Parfum<br \/>\n(Parfum), Natrium Laureth Sulfaat, Silica Dimethyl Silylaat, Propyleen Glycol, Rosa Rubiginosa Zaadolie Peg-8 Esters, Tocopheryl Acetaat, Ethylhexyl Methoxycinnamaat (Octinoxaat), Ethylhexyl Salicylaat (Octisalaat), Butyl Methoxydibenzoylmethaan (Avobenzone), Bht, Peg-40 Gehydrogeneerd<br \/>\nRicinusolie, Guaiazuleen, Limoneen, Citrus Limon (Citroen) Schilolie, Linalool, Linalyl Acetaat, Juniperus Virginiana Olie, Pineneen, Hydroxycitronellal, Santalum Album (Sandelhout) Olie, Santalol, Citral, Geranyl Acetaat, Carvon, Mentha Viridis (Spearmint) Bladolie.<\/p>","protected":false},"excerpt":{"rendered":"<div class=\"product-desc\">\n<div class=\"cms-content cms-view-more-content\">\n<div class=\"product attribute overview\">\n<div class=\"value\">Deze douche- en badolie verandert bij contact met water in een melkachtige sluier en vervolgens in een romig schuim. De huid wordt subtiel geparfumeerd met essenti\u00eble oli\u00ebn van kardemom en vanille.<\/div>\n<\/div>\n<\/div>\n<\/div>\n<div class=\"attribut-list skin-type\">\n<div class=\"label\">HUIDTYPE: Alle huidtypes<\/div>\n<\/div>\n<div class=\"attribut-list concerns\">\n<div class=\"label\">PREOCCUPATIES: Dagelijkse verzorging<\/div>\n<\/div>","protected":false},"featured_media":15878,"template":"","meta":[],"product_brand":[],"product_cat":[103],"product_tag":[],"class_list":{"0":"post-3251","1":"product","2":"type-product","3":"status-publish","4":"has-post-thumbnail","6":"product_cat-produits-corps-cinq-mondes","8":"first","9":"instock","10":"taxable","11":"shipping-taxable","12":"purchasable","13":"product-type-simple"},"_links":{"self":[{"href":"https:\/\/dolcelahulpegifts.be\/nl\/wp-json\/wp\/v2\/product\/3251","targetHints":{"allow":["GET"]}}],"collection":[{"href":"https:\/\/dolcelahulpegifts.be\/nl\/wp-json\/wp\/v2\/product"}],"about":[{"href":"https:\/\/dolcelahulpegifts.be\/nl\/wp-json\/wp\/v2\/types\/product"}],"version-history":[{"count":4,"href":"https:\/\/dolcelahulpegifts.be\/nl\/wp-json\/wp\/v2\/product\/3251\/revisions"}],"predecessor-version":[{"id":17231,"href":"https:\/\/dolcelahulpegifts.be\/nl\/wp-json\/wp\/v2\/product\/3251\/revisions\/17231"}],"wp:featuredmedia":[{"embeddable":true,"href":"https:\/\/dolcelahulpegifts.be\/nl\/wp-json\/wp\/v2\/media\/15878"}],"wp:attachment":[{"href":"https:\/\/dolcelahulpegifts.be\/nl\/wp-json\/wp\/v2\/media?parent=3251"}],"wp:term":[{"taxonomy":"product_brand","embeddable":true,"href":"https:\/\/dolcelahulpegifts.be\/nl\/wp-json\/wp\/v2\/product_brand?post=3251"},{"taxonomy":"product_cat","embeddable":true,"href":"https:\/\/dolcelahulpegifts.be\/nl\/wp-json\/wp\/v2\/product_cat?post=3251"},{"taxonomy":"product_tag","embeddable":true,"href":"https:\/\/dolcelahulpegifts.be\/nl\/wp-json\/wp\/v2\/product_tag?post=3251"}],"curies":[{"name":"wp","href":"https:\/\/api.w.org\/{rel}","templated":true}]}}