{"id":3255,"date":"2022-06-09T11:55:21","date_gmt":"2022-06-09T09:55:21","guid":{"rendered":"https:\/\/dolcelahulpegifts.duckdns.org\/?post_type=product&#038;p=3255"},"modified":"2026-01-06T14:49:16","modified_gmt":"2026-01-06T13:49:16","slug":"papaya-puree","status":"publish","type":"product","link":"https:\/\/dolcelahulpegifts.be\/nl\/product\/puree-de-papaye\/","title":{"rendered":"Papaya puree (150ml)"},"content":{"rendered":"<p style=\"text-align: left;\">De\u00a0<span class=\"bold\">Papaja-puree<\/span> is aangepast aan een schoonheidsrecept dat sinds de 16e eeuw in het koninkrijk Siam wordt gebruikt om de huid weer stralend en zacht te maken. Dankzij de natuurlijke extracten van papaja, rijk aan papa\u00efne, kokospoeder, diatomee\u00ebnaarde en kemiri-olie reinigt en zuivert deze exfoli\u00ebrende douche de huid op milde wijze.<\/p>\n<p style=\"text-align: left;\">De\u00a0<span class=\"bold\">Papaja-puree<\/span> exfolieert, verfijnt en verheldert de huidtextuur. Ideaal voor de gevoelige huid.<\/p>\n<p style=\"text-align: left;\"><strong>Aanwijzingen voor gebruik<\/strong> Giet twee grote klontjes\u00a0<span class=\"bold\">Papaja-puree<\/span> in de palm van uw hand. Breng aan op een vochtige huid, maak zachte cirkelvormige bewegingen over uw hele lichaam, beginnend bij uw voeten, en spoel daarna af met schoon water. <span class=\"bold\">Tip<\/span>\u00a0Vergeet niet om uw huid na het scrubben te hydrateren met Tropical Nut Melting Balm, voor een zijdezachte huid.<\/p>\n<p style=\"text-align: left;\"><strong>Ingredi\u00ebnten<\/strong> Aqua (Water)\/Water, Decyl Glucoside, Glycerine, Zea Mays (Ma\u00efs) Zetmeel, Cocamidopropyl Beta\u00efne, Natrium Cocoyl Isethionaat, Dinatrium Lauryl Sulfosuccinaat, Cetearyl Alcohol, Prunus Armeniaca (Abrikoos) Zaadpoeder, Parfum (Geur), Natrium<br \/>\nCocoyl Apple Amino Acids, Hydrogenated Castor Oil, Benzyl Alcohol, Cocos Nucifera (Coconut) Shell Powder, Illite, Sodium Benzoate, Xanthan Gum, Hexylene Glycol, Kaolin, Dehydroacetic Acid, Ci 77491 (Iron Oxides), Disodium Edta, Ci 77891 (Titanium Dioxide),<br \/>\nTetranatriumglutamaatdiacetaat, citroenzuur, Carica Papaya (papaja) fruitextract*, Juniperus Virginiana-olie, tetramethylacetyloctahydronaftalenen, geraniol, citral, Santalum Album-olie, santalol, limoneen, citronellol, beta-caryofylleen, pineen. *Ingredi\u00ebnten afkomstig uit biologische landbouw \/ Ingredients From Organic Farming.<\/p>","protected":false},"excerpt":{"rendered":"<div class=\"product-desc\">\n<div class=\"cms-content cms-view-more-content\">\n<div class=\"product attribute overview\">\n<div class=\"value\">Een dagelijkse 2-in-1 douche om de huid mild te reinigen en exfoli\u00ebren en de zintuigen te stimuleren.<\/div>\n<\/div>\n<\/div>\n<\/div>\n<div class=\"attribut-list skin-type\">\n<div class=\"label\">HUIDTYPE: Alle huidtypes<\/div>\n<\/div>","protected":false},"featured_media":3256,"template":"","meta":[],"product_brand":[],"product_cat":[103],"product_tag":[],"class_list":{"0":"post-3255","1":"product","2":"type-product","3":"status-publish","4":"has-post-thumbnail","6":"product_cat-produits-corps-cinq-mondes","8":"first","9":"instock","10":"taxable","11":"shipping-taxable","12":"purchasable","13":"product-type-simple"},"_links":{"self":[{"href":"https:\/\/dolcelahulpegifts.be\/nl\/wp-json\/wp\/v2\/product\/3255","targetHints":{"allow":["GET"]}}],"collection":[{"href":"https:\/\/dolcelahulpegifts.be\/nl\/wp-json\/wp\/v2\/product"}],"about":[{"href":"https:\/\/dolcelahulpegifts.be\/nl\/wp-json\/wp\/v2\/types\/product"}],"version-history":[{"count":3,"href":"https:\/\/dolcelahulpegifts.be\/nl\/wp-json\/wp\/v2\/product\/3255\/revisions"}],"predecessor-version":[{"id":17229,"href":"https:\/\/dolcelahulpegifts.be\/nl\/wp-json\/wp\/v2\/product\/3255\/revisions\/17229"}],"wp:featuredmedia":[{"embeddable":true,"href":"https:\/\/dolcelahulpegifts.be\/nl\/wp-json\/wp\/v2\/media\/3256"}],"wp:attachment":[{"href":"https:\/\/dolcelahulpegifts.be\/nl\/wp-json\/wp\/v2\/media?parent=3255"}],"wp:term":[{"taxonomy":"product_brand","embeddable":true,"href":"https:\/\/dolcelahulpegifts.be\/nl\/wp-json\/wp\/v2\/product_brand?post=3255"},{"taxonomy":"product_cat","embeddable":true,"href":"https:\/\/dolcelahulpegifts.be\/nl\/wp-json\/wp\/v2\/product_cat?post=3255"},{"taxonomy":"product_tag","embeddable":true,"href":"https:\/\/dolcelahulpegifts.be\/nl\/wp-json\/wp\/v2\/product_tag?post=3255"}],"curies":[{"name":"wp","href":"https:\/\/api.w.org\/{rel}","templated":true}]}}