{"id":3263,"date":"2022-06-09T11:59:49","date_gmt":"2022-06-09T09:59:49","guid":{"rendered":"https:\/\/dolcelahulpegifts.duckdns.org\/?post_type=product&#038;p=3263"},"modified":"2026-02-16T10:35:48","modified_gmt":"2026-02-16T09:35:48","slug":"aromatische-scrub-met-kruiden","status":"publish","type":"product","link":"https:\/\/dolcelahulpegifts.be\/nl\/product\/gommage-aromatique-aux-epices\/","title":{"rendered":"Gekruide aromatische scrub (200ml)"},"content":{"rendered":"<p style=\"text-align: left;\">Gebaseerd op een oud ritueel van het Java eiland, de Aromatische Scrub met Kruiden is een uitzonderlijke scrub, verrijkt met de verstevigende weldaden van kruiden. De combinatie van zeezout en amandelpoeder zorgt voor een exfoli\u00ebrende werking die de huid zuivert, verzacht door Vanille-olie en Carnaubawas. Dankzij de essenti\u00eble oli\u00ebn van kaneel en nootmuskaat helpt dit unieke scrub u om diep te ontspannen en nieuwe energie op te wekken.<\/p>\n<p style=\"text-align: left;\">De huid krijgt haar glans terug. Ideaal om de huid voor te bereiden op het bruinen.<\/p>\n<p style=\"text-align: left;\"><strong>Aanwijzingen voor gebruik<\/strong> Bevochtig een handvol aromatische kruidenscrub tot een romige pasta. Breng deze aan op een vochtige huid en masseer zachtjes met ronddraaiende bewegingen over uw hele lichaam, met extra aandacht voor de zones waar de huid dikker is, zoals de knie\u00ebn. Spoel vervolgens af met schoon water. Tip: vergeet niet om uw huid na het scrubben te hydrateren met de Ayurvedische Universele Olie\u00ae voor een zachte en zijdezachte huid.<\/p>\n<p style=\"text-align: left;\"><strong>Ingredi\u00ebnten<\/strong> : Natriumchloride, Capryl\/Capric Triglyceride, Coco-Caprylate\/Caprate, Aqua (Water), Cocamidopropyl Betaine, Cocos Nucifera (Kokosnoot) Shell Powder, Parfum (Parfum), Prunus Amygdalus Dulcis (Zoete Amandel) Shell Powder, Arachidyl Alcohol, Copernicia Cerifera Cera (Copernicia Cerifera (Carnauba) Wax), Behenyl Alcohol, Sesamum Indicum (Sesam) Zaadolie, Glycerine, Helianthus Annuus (Zonnebloem) Zaadolie, Arachidyl Glucoside, Kokoszuur, Tocopheryl Acetaat, Eugenol, O-Cymen-5-Ol, Alpha-Isomethyl Ionon, Cinnamal, Vanilla Planifolia Vrucht Extract, Limoneen, Vanilla Tahitensis Vrucht Extract, Glucose, Tocoferol.<\/p>","protected":false},"excerpt":{"rendered":"<div class=\"product-desc\">\n<div class=\"cms-content cms-view-more-content\">\n<div class=\"product attribute overview\">\n<div class=\"value\">Een scrub met diep zeezout die de spieren hydrateert en verwarmt met zijn krachtige geur van essenti\u00eble oli\u00ebn van kaneel en nootmuskaat.<\/div>\n<\/div>\n<\/div>\n<\/div>\n<div class=\"attribut-list skin-type\">\n<div class=\"label\">HUIDTYPE: Alle huidtypes<\/div>\n<\/div>","protected":false},"featured_media":3264,"template":"","meta":[],"product_brand":[],"product_cat":[103],"product_tag":[],"class_list":{"0":"post-3263","1":"product","2":"type-product","3":"status-publish","4":"has-post-thumbnail","6":"product_cat-produits-corps-cinq-mondes","8":"first","9":"instock","10":"taxable","11":"shipping-taxable","12":"purchasable","13":"product-type-simple"},"_links":{"self":[{"href":"https:\/\/dolcelahulpegifts.be\/nl\/wp-json\/wp\/v2\/product\/3263","targetHints":{"allow":["GET"]}}],"collection":[{"href":"https:\/\/dolcelahulpegifts.be\/nl\/wp-json\/wp\/v2\/product"}],"about":[{"href":"https:\/\/dolcelahulpegifts.be\/nl\/wp-json\/wp\/v2\/types\/product"}],"version-history":[{"count":4,"href":"https:\/\/dolcelahulpegifts.be\/nl\/wp-json\/wp\/v2\/product\/3263\/revisions"}],"predecessor-version":[{"id":18899,"href":"https:\/\/dolcelahulpegifts.be\/nl\/wp-json\/wp\/v2\/product\/3263\/revisions\/18899"}],"wp:featuredmedia":[{"embeddable":true,"href":"https:\/\/dolcelahulpegifts.be\/nl\/wp-json\/wp\/v2\/media\/3264"}],"wp:attachment":[{"href":"https:\/\/dolcelahulpegifts.be\/nl\/wp-json\/wp\/v2\/media?parent=3263"}],"wp:term":[{"taxonomy":"product_brand","embeddable":true,"href":"https:\/\/dolcelahulpegifts.be\/nl\/wp-json\/wp\/v2\/product_brand?post=3263"},{"taxonomy":"product_cat","embeddable":true,"href":"https:\/\/dolcelahulpegifts.be\/nl\/wp-json\/wp\/v2\/product_cat?post=3263"},{"taxonomy":"product_tag","embeddable":true,"href":"https:\/\/dolcelahulpegifts.be\/nl\/wp-json\/wp\/v2\/product_tag?post=3263"}],"curies":[{"name":"wp","href":"https:\/\/api.w.org\/{rel}","templated":true}]}}