{"id":3485,"date":"2022-06-09T16:54:25","date_gmt":"2022-06-09T14:54:25","guid":{"rendered":"https:\/\/dolcelahulpegifts.duckdns.org\/?post_type=product&#038;p=3485"},"modified":"2025-12-22T11:20:25","modified_gmt":"2025-12-22T10:20:25","slug":"zaligheid-voor-twee-verblijf","status":"publish","type":"product","link":"https:\/\/dolcelahulpegifts.be\/nl\/product\/sejour-rituel-de-felicite-a-deux\/","title":{"rendered":"Zaligheid voor Twee Verblijf"},"content":{"rendered":"<ul>\n<li>het Grand Rituel de F\u00e9licit\u00e9 \u00e0 Deux in de Cinq Mondes Spa (1u50) :\n<ul>\n<li><strong>Japans Aroma en Bloemenbad<\/strong> Dit ontspannende voorouderlijke O'furo ritueel prikkelt de zintuigen met een combinatie van essenti\u00eble oli\u00ebn kleuren en rozenblaadjes, waardoor uw lichaam en geest in perfecte harmonie zijn.<\/li>\n<li><strong>Gekruide Aromatische Scrub<\/strong> Deze peeling, ge\u00efnspireerd op het eiland Java, met kruiden en zeezouten, bekoort u dankzij de delicate geuren en maakt uw huid zacht en zijdezacht.<\/li>\n<li><strong>Traditionele Oosterse Massage<\/strong> : deze massage van het hele lichaam met verwarmde arganolie voert u mee naar het hart van de Noord-Afrikaanse traditie. U wordt omhuld met langzame, diepe bewegingen die u een gevoel van gelukzaligheid geven.<\/li>\n<\/ul>\n<\/li>\n<li>Wandeling in het bos naar het Ch\u00e2teau de La Hulpe<\/li>\n<li>Een uur toegang tot het wellnessgedeelte (zwembad, sauna en stoombad) en de fitnessruimte (reserveren verplicht)<\/li>\n<li>Gratis activiteiten ter plaatse: tennis, badminton, petanque, basketbal, tafeltennis, kicker, enz.<\/li>\n<li>Rustige nacht en ontwaken met het gezang van vogels<\/li>\n<li>Amerikaans ontbijtbuffet met een panoramisch uitzicht op het bos<\/li>\n<li>Gratis parkeren<\/li>\n<li>Late check-out tot 15.00 uur<\/li>\n<\/ul>","protected":false},"excerpt":{"rendered":"<p>Bied een onvergetelijk verblijf voor twee personen inclusief een ervaring van 1u50 per persoon in de Cinq Mondes Spa in een VIP tweepersoonskamer in harmonie met de natuur.<\/p>","protected":false},"featured_media":18282,"template":"","meta":[],"product_brand":[],"product_cat":[55,112],"product_tag":[],"class_list":{"0":"post-3485","1":"product","2":"type-product","3":"status-publish","4":"has-post-thumbnail","6":"product_cat-sejours-en-foret","7":"product_cat-a-partager","9":"first","10":"instock","11":"sold-individually","12":"taxable","13":"shipping-taxable","14":"purchasable","15":"product-type-variable","16":"has-default-attributes"},"_links":{"self":[{"href":"https:\/\/dolcelahulpegifts.be\/nl\/wp-json\/wp\/v2\/product\/3485","targetHints":{"allow":["GET"]}}],"collection":[{"href":"https:\/\/dolcelahulpegifts.be\/nl\/wp-json\/wp\/v2\/product"}],"about":[{"href":"https:\/\/dolcelahulpegifts.be\/nl\/wp-json\/wp\/v2\/types\/product"}],"version-history":[{"count":2,"href":"https:\/\/dolcelahulpegifts.be\/nl\/wp-json\/wp\/v2\/product\/3485\/revisions"}],"predecessor-version":[{"id":17469,"href":"https:\/\/dolcelahulpegifts.be\/nl\/wp-json\/wp\/v2\/product\/3485\/revisions\/17469"}],"wp:featuredmedia":[{"embeddable":true,"href":"https:\/\/dolcelahulpegifts.be\/nl\/wp-json\/wp\/v2\/media\/18282"}],"wp:attachment":[{"href":"https:\/\/dolcelahulpegifts.be\/nl\/wp-json\/wp\/v2\/media?parent=3485"}],"wp:term":[{"taxonomy":"product_brand","embeddable":true,"href":"https:\/\/dolcelahulpegifts.be\/nl\/wp-json\/wp\/v2\/product_brand?post=3485"},{"taxonomy":"product_cat","embeddable":true,"href":"https:\/\/dolcelahulpegifts.be\/nl\/wp-json\/wp\/v2\/product_cat?post=3485"},{"taxonomy":"product_tag","embeddable":true,"href":"https:\/\/dolcelahulpegifts.be\/nl\/wp-json\/wp\/v2\/product_tag?post=3485"}],"curies":[{"name":"wp","href":"https:\/\/api.w.org\/{rel}","templated":true}]}}