{"id":3810,"date":"2022-06-10T12:02:45","date_gmt":"2022-06-10T10:02:45","guid":{"rendered":"https:\/\/dolcelahulpegifts.duckdns.org\/?post_type=product&#038;p=3810"},"modified":"2026-01-02T10:51:19","modified_gmt":"2026-01-02T09:51:19","slug":"zen-abonnement-bij-de-cinq-mondes-spa","status":"publish","type":"product","link":"https:\/\/dolcelahulpegifts.be\/nl\/product\/abonnement-zen-au-spa-cinq-mondes\/","title":{"rendered":"Zen-Abonnement bij de Cinq Mondes Spa"},"content":{"rendered":"<h6>Dit Zen-abonnement op de Cinq Mondes spa geeft u recht op een heleboel voordelen, waaronder :<\/h6>\n<ul>\n<li>Keuze van behandelaar<\/li>\n<li>Gratis VIP duosuite<\/li>\n<li>2 traditionele hamams aangeboden<\/li>\n<li>10% korting op<a href=\"https:\/\/www.dolcelahulpe.com\/fr\/spa\/menu-des-soins\" target=\"_blank\" rel=\"noopener\"> zorg<\/a> en <a href=\"https:\/\/dolcelahulpegifts.be\/nl\/productcategorie\/winkelen\/\">producten<\/a><\/li>\n<li>Abonnement verlengen en sponsoraanbieding*.<\/li>\n<\/ul>\n<p>* Cinq Mondes biedt u een product naar keuze (met uitzondering van de assortimenten G\u00e9to, Pr\u00e9cieuse, Lumi\u00e8re en Infinit\u00e9) wanneer u uw abonnement verlengt of een nieuw lid sponsort voor een Spa Zen abonnement.<\/p>\n<p>Inschrijvingswaarde: \u20ac1250<br \/>\nGeldig voor 1 jaar<\/p>\n<p>De keuze van het pakket is definitief en kan niet worden gewijzigd tijdens de abonnementsperiode. Dit abonnement is 1 jaar geldig vanaf de datum van aankoop en alleen in de Spa Cinq Mondes du Dolce La Hulpe Brussel. Dit abonnement wordt automatisch geannuleerd aan het einde van de contractuele periode. Het niet-gebruiken van de aangeboden diensten geeft de abonnee geen recht op een gedeeltelijke of volledige annulering, verlenging of terugbetaling, noch op enige andere vergoeding.<br \/>\ncompensatie van welke aard dan ook, behalve onder de volgende voorwaarden: in geval van ernstige ziekte of ongeval, of zwangerschap, kan de abonnee een verlenging van zijn abonnement krijgen (tot maximaal de helft van de duur van het medisch verlof).<\/p>","protected":false},"excerpt":{"rendered":"<p>Het Zen-Abonnement bij de Cinq Mondes Spabiedt het equivalent van 10 sessies van 50 minuten behandeling in de Cinq Mondes Spa van Dolce La Hulpe Brussels, open 7\/7.<\/p>","protected":false},"featured_media":6527,"template":"","meta":[],"product_brand":[],"product_cat":[54,113,53,144],"product_tag":[],"class_list":{"0":"post-3810","1":"product","2":"type-product","3":"status-publish","4":"has-post-thumbnail","6":"product_cat-abonnements","7":"product_cat-en-solo","8":"product_cat-experiences-spa","9":"product_cat-spa","11":"first","12":"instock","13":"sold-individually","14":"taxable","15":"shipping-taxable","16":"purchasable","17":"product-type-variable","18":"has-default-attributes"},"_links":{"self":[{"href":"https:\/\/dolcelahulpegifts.be\/nl\/wp-json\/wp\/v2\/product\/3810","targetHints":{"allow":["GET"]}}],"collection":[{"href":"https:\/\/dolcelahulpegifts.be\/nl\/wp-json\/wp\/v2\/product"}],"about":[{"href":"https:\/\/dolcelahulpegifts.be\/nl\/wp-json\/wp\/v2\/types\/product"}],"version-history":[{"count":3,"href":"https:\/\/dolcelahulpegifts.be\/nl\/wp-json\/wp\/v2\/product\/3810\/revisions"}],"predecessor-version":[{"id":18551,"href":"https:\/\/dolcelahulpegifts.be\/nl\/wp-json\/wp\/v2\/product\/3810\/revisions\/18551"}],"wp:featuredmedia":[{"embeddable":true,"href":"https:\/\/dolcelahulpegifts.be\/nl\/wp-json\/wp\/v2\/media\/6527"}],"wp:attachment":[{"href":"https:\/\/dolcelahulpegifts.be\/nl\/wp-json\/wp\/v2\/media?parent=3810"}],"wp:term":[{"taxonomy":"product_brand","embeddable":true,"href":"https:\/\/dolcelahulpegifts.be\/nl\/wp-json\/wp\/v2\/product_brand?post=3810"},{"taxonomy":"product_cat","embeddable":true,"href":"https:\/\/dolcelahulpegifts.be\/nl\/wp-json\/wp\/v2\/product_cat?post=3810"},{"taxonomy":"product_tag","embeddable":true,"href":"https:\/\/dolcelahulpegifts.be\/nl\/wp-json\/wp\/v2\/product_tag?post=3810"}],"curies":[{"name":"wp","href":"https:\/\/api.w.org\/{rel}","templated":true}]}}