{"id":4525,"date":"2022-06-24T12:27:18","date_gmt":"2022-06-24T10:27:18","guid":{"rendered":"https:\/\/dolcelahulpegifts.duckdns.org\/?post_type=product&#038;p=4525"},"modified":"2026-01-06T14:44:47","modified_gmt":"2026-01-06T13:44:47","slug":"zachte-voetcreme","status":"publish","type":"product","link":"https:\/\/dolcelahulpegifts.be\/nl\/product\/creme-pieds-tendres\/","title":{"rendered":"Tender voetcr\u00e8me\u00ae (75ml)"},"content":{"rendered":"<p style=\"text-align: left;\">Ge\u00efnspireerd door een oud recept dat door rijstboeren wordt gebruikt om hun voeten te beschermen, heeft Cinq Mondes deze formule ge\u00fcpdatet om de Zachte Voetcr\u00e8me te cre\u00ebren met hoofdingredi\u00ebnten uit de Chinese Farmacopee zoals:<\/p>\n<p style=\"text-align: left;\">Bamboe om de collageenproductie te stimuleren.<br \/>\nArnica en Menthol om te verfrissen en te tonifi\u00ebren.<br \/>\nKarit\u00e9boter gecombineerd met organische extracten van Alo\u00eb Vera voor een optimale hydratatie van de bovenste lagen van de opperhuid.<br \/>\nDe opperhuid van de voeten wordt weer soepel en comfortabel, zonder enige vettige film. Ideaal voor droge voeten.<\/p>\n<p style=\"text-align: left;\"><strong>Aanwijzingen voor gebruik<\/strong> :<\/p>\n<p style=\"text-align: left;\">Begin met een voetbad van 10 minuten in warm water, droog u af en breng de Tenderfoot Cream\u00ae aan door met kleine cirkelvormige bewegingen te masseren.<\/p>\n<p style=\"text-align: left;\">Tip voor perfecte voeten: scrub uw voeten met de Aromatic Scrub met Spices\u00ae en de Kassa Glove, en breng daarna de Tender voetcreme aan als een masker. Wikkel uw voeten in sokken en laat ze een nachtje zitten.<\/p>\n<p style=\"text-align: left;\">Om maximale veiligheid te garanderen, is dit product gecontra-indiceerd voor zwangere vrouwen, omdat het een hoge concentratie menthol bevat (een krachtig verkoelend en verzachtend actief ingredi\u00ebnt).<\/p>\n<p style=\"text-align: left;\"><strong>Ingredi\u00ebnten<\/strong> Aqua (Water), Butyrospermum Parkii (Sheabutter), Coco-Caprylate\/Caprate, Caprylic\/Capric Triglyceride, Alcohol Denat, Cocoglyceriden, Pentylene Glycol, Glycol Palmitate, Cetearyl Alcohol, Glycerine, Hydroxyethyl Urea, Oryza Sativa (Rijst) Poeder, Arachidyl Alcohol, Peg-100 Stearate, Glyceryl Stearate, Propyleenglycol, Parfum, Menthol, Behenyl Alcohol, Ceteareth-20, Chloorfenesine, Tocopheryl Acetaat, Arachidyl Glucoside, Tromethamine, Carbomeer, Kamfer, Glycol, Dinatrium Edta, Ureum, Ammoniumlactaat, Palmitinezuur, Limoneen, Linalool, Hexyl Cinnamal, Ethanolamine, Hydroxycitronellal, Arnica Montana (Arnica) Bloemextract, Citroenzuur, Coumarine, Alpha-Isomethyl Ionon, Geraniol, Citronellol, Bambusa Vulgaris (Bamboe) bladextract, Glucose, Citral, Sodium Benzoate, Aloe Barbadensis (Aloe) Leaf Extract, Potassium Sorbate, Eugenol, Cinnamal.<\/p>","protected":false},"excerpt":{"rendered":"<div class=\"product-desc\">\n<div class=\"cms-content cms-view-more-content cms-collapsed\">\n<div class=\"product attribute overview\">\n<div class=\"value\">\n<p>Een cr\u00e8me met een frisse textuur om uitgedroogde, droge voeten te beschermen, voeden en herstellen.<\/p>\n<p><b>Niet gebruiken als u zwanger bent of borstvoeding geeft.<\/b><\/p>\n<\/div>\n<\/div>\n<\/div>\n<\/div>\n<div class=\"attribut-list skin-type\">\n<div><\/div>\n<div class=\"label\"><strong>HUIDTYPE<\/strong> Alle huidtypes<\/div>\n<\/div>","protected":false},"featured_media":4526,"template":"","meta":[],"product_brand":[],"product_cat":[103],"product_tag":[],"class_list":{"0":"post-4525","1":"product","2":"type-product","3":"status-publish","4":"has-post-thumbnail","6":"product_cat-produits-corps-cinq-mondes","8":"first","9":"instock","10":"taxable","11":"shipping-taxable","12":"purchasable","13":"product-type-simple"},"_links":{"self":[{"href":"https:\/\/dolcelahulpegifts.be\/nl\/wp-json\/wp\/v2\/product\/4525","targetHints":{"allow":["GET"]}}],"collection":[{"href":"https:\/\/dolcelahulpegifts.be\/nl\/wp-json\/wp\/v2\/product"}],"about":[{"href":"https:\/\/dolcelahulpegifts.be\/nl\/wp-json\/wp\/v2\/types\/product"}],"version-history":[{"count":4,"href":"https:\/\/dolcelahulpegifts.be\/nl\/wp-json\/wp\/v2\/product\/4525\/revisions"}],"predecessor-version":[{"id":17186,"href":"https:\/\/dolcelahulpegifts.be\/nl\/wp-json\/wp\/v2\/product\/4525\/revisions\/17186"}],"wp:featuredmedia":[{"embeddable":true,"href":"https:\/\/dolcelahulpegifts.be\/nl\/wp-json\/wp\/v2\/media\/4526"}],"wp:attachment":[{"href":"https:\/\/dolcelahulpegifts.be\/nl\/wp-json\/wp\/v2\/media?parent=4525"}],"wp:term":[{"taxonomy":"product_brand","embeddable":true,"href":"https:\/\/dolcelahulpegifts.be\/nl\/wp-json\/wp\/v2\/product_brand?post=4525"},{"taxonomy":"product_cat","embeddable":true,"href":"https:\/\/dolcelahulpegifts.be\/nl\/wp-json\/wp\/v2\/product_cat?post=4525"},{"taxonomy":"product_tag","embeddable":true,"href":"https:\/\/dolcelahulpegifts.be\/nl\/wp-json\/wp\/v2\/product_tag?post=4525"}],"curies":[{"name":"wp","href":"https:\/\/api.w.org\/{rel}","templated":true}]}}