{"id":5616,"date":"2022-11-02T12:11:48","date_gmt":"2022-11-02T11:11:48","guid":{"rendered":"https:\/\/dolcelahulpegifts.be\/?post_type=product&#038;p=5616"},"modified":"2025-11-27T16:50:52","modified_gmt":"2025-11-27T15:50:52","slug":"kyoto-zaak-2","status":"publish","type":"product","link":"https:\/\/dolcelahulpegifts.be\/nl\/product\/coffret-geto-supreme\/","title":{"rendered":"G\u00e9to Supr\u00eame Gift Set"},"content":{"rendered":"<p style=\"text-align: center;\">Een uitzonderlijke doos voor ultieme celregeneratie. Het SUPREME GETO-ritueel, zeldzaam en kostbaar, haalt zijn doeltreffendheid uit de kracht van de GETO-plant. Deze \"plant van het lange leven\" staat centraal in de schoonheidsrituelen van de inwoners van Okinawa, het eiland met het hoogste aantal honderdjarigen ter wereld. Dankzij de knowhow van de Laboratoires Cinq Mondes blijft de zuiverheid van het biologische Beto-extract behouden, zodat de buitengewone eigenschappen tot in de huid behouden blijven.<\/p>\n<p>In deze set vindt u<\/p>\n<ul>\n<li><a href=\"https:\/\/dolcelahulpegifts.be\/nl\/product\/geto-supreme-de-creme-50ml\/\"><strong>G\u00c9TO SUPREME Het serum<\/strong><\/a><strong> (30 mL) :<\/strong> De ultieme regeneratieve kracht van de langlevende plant, Beto, in zijn meest geconcentreerde vorm in een nieuwe generatie ultra-edele melk-in-olie serum. Sterk geconcentreerd met deze kostbare werkstof, geeft deze formule met haar nieuwe generatie couturetextuur een tweede leven aan de huid, haar jeugdigheid wordt behouden en haar weefsels worden al na 1 week geregenereerd.<\/li>\n<\/ul>\n<p>Door de hogere concentratie van GETO en de onmiddellijke penetratie van de werkstoffen kunnen de steunvezels van de huid snel worden versterkt, waardoor de weldadige werking van GETO SUPREME La Cr\u00e8me wordt versneld.<\/p>\n<ul>\n<li><a href=\"https:\/\/dolcelahulpegifts.be\/nl\/product\/geto-supreme-het-serum-30ml\/\"><strong>G\u00c9TO SUPREME De cr\u00e8me<\/strong><\/a><strong> (50 mL) :<\/strong> Het is een ware schatkamer voor een lang leven en stimuleert de vitale functies van de huid om de mechanismen die verantwoordelijk zijn voor een jeugdig uiterlijk te reactiveren. Het voorkomt en corrigeert alle tekenen van veroudering en stimuleert de regeneratie van de huid.<\/li>\n<\/ul>\n<p>Rimpels vervagen en de contouren van het gezicht worden opnieuw gedefinieerd. De huid is beter bestand en krijgt haar oorspronkelijke stevigheid terug. De geregenereerde huid wordt weer stevig, dicht en elastisch. De teint straalt met een oneindige glans.<\/p>","protected":false},"excerpt":{"rendered":"<p>(Okinawa ritueel, Japan) | 2 producten<\/p>\n<p>Ontdek de G\u00c9TO SUPR\u00caME Limited Edition Set, bestaande uit G\u00c9TO SUPR\u00caME The Serum en G\u00c9TO SUPR\u00caME The Cream. Uitzonderlijke huidverzorgingsproducten, echte concentraten van Organic Beto, een verjongende plant die wordt gebruikt door de honderdjarigen van Okinawa, die spectaculaire resultaten bieden op de jeugdigheid van de huid.<\/p>","protected":false},"featured_media":5627,"template":"","meta":[],"product_brand":[],"product_cat":[56,113],"product_tag":[],"class_list":{"0":"post-5616","1":"product","2":"type-product","3":"status-publish","4":"has-post-thumbnail","6":"product_cat-coffrets","7":"product_cat-en-solo","9":"first","10":"instock","11":"taxable","12":"shipping-taxable","13":"purchasable","14":"product-type-simple"},"_links":{"self":[{"href":"https:\/\/dolcelahulpegifts.be\/nl\/wp-json\/wp\/v2\/product\/5616","targetHints":{"allow":["GET"]}}],"collection":[{"href":"https:\/\/dolcelahulpegifts.be\/nl\/wp-json\/wp\/v2\/product"}],"about":[{"href":"https:\/\/dolcelahulpegifts.be\/nl\/wp-json\/wp\/v2\/types\/product"}],"version-history":[{"count":1,"href":"https:\/\/dolcelahulpegifts.be\/nl\/wp-json\/wp\/v2\/product\/5616\/revisions"}],"predecessor-version":[{"id":14386,"href":"https:\/\/dolcelahulpegifts.be\/nl\/wp-json\/wp\/v2\/product\/5616\/revisions\/14386"}],"wp:featuredmedia":[{"embeddable":true,"href":"https:\/\/dolcelahulpegifts.be\/nl\/wp-json\/wp\/v2\/media\/5627"}],"wp:attachment":[{"href":"https:\/\/dolcelahulpegifts.be\/nl\/wp-json\/wp\/v2\/media?parent=5616"}],"wp:term":[{"taxonomy":"product_brand","embeddable":true,"href":"https:\/\/dolcelahulpegifts.be\/nl\/wp-json\/wp\/v2\/product_brand?post=5616"},{"taxonomy":"product_cat","embeddable":true,"href":"https:\/\/dolcelahulpegifts.be\/nl\/wp-json\/wp\/v2\/product_cat?post=5616"},{"taxonomy":"product_tag","embeddable":true,"href":"https:\/\/dolcelahulpegifts.be\/nl\/wp-json\/wp\/v2\/product_tag?post=5616"}],"curies":[{"name":"wp","href":"https:\/\/api.w.org\/{rel}","templated":true}]}}